{"id":1950,"date":"2025-10-27T14:28:05","date_gmt":"2025-10-27T07:28:05","guid":{"rendered":"https:\/\/anhtuclinic.vn\/?page_id=1950"},"modified":"2025-10-27T14:28:47","modified_gmt":"2025-10-27T07:28:47","slug":"gioi-thieu-copy","status":"publish","type":"page","link":"https:\/\/anhtuclinic.vn\/en\/gioi-thieu-copy\/","title":{"rendered":"Gi\u1edbi thi\u1ec7u &#8211; Copy EN"},"content":{"rendered":"\t<div id=\"gap-1273345652\" class=\"gap-element clearfix\" style=\"display:block; height:auto;\">\n\t\t\n<style>\n#gap-1273345652 {\n  padding-top: 30px;\n}\n<\/style>\n\t<\/div>\n\t\n<div class=\"container section-title-container\" ><h2 class=\"section-title section-title-center\"><b><\/b><span class=\"section-title-main\" >T\u1ed5ng qu\u00e1t<\/span><b><\/b><\/h2><\/div>\n<p style=\"text-align: justify;\"><span style=\"font-weight: 400;\">&#8221; B\u1ea1n \u0111\u00e3 t\u1eebng t\u00ecm v\u00e0 \u0111\u1ebfn m\u1ed9t n\u01a1i &#8230;\u00a0<\/span><\/p>\n<p style=\"text-align: justify;\"><span style=\"font-weight: 400;\">&#8211; Khoa h\u1ecdc giao thoa v\u1edbi Ngh\u1ec7 thu\u1eadt<\/span><\/p>\n<p style=\"text-align: justify;\"><span style=\"font-weight: 400;\">&#8211; Kh\u00e1m ch\u1eefa b\u1ec7nh g\u1eafn li\u1ec1n v\u1edbi V\u0103n h\u00f3a ch\u0103m s\u00f3c kh\u00e1ch h\u00e0ng<\/span><\/p>\n<p style=\"text-align: justify;\"><span style=\"font-weight: 400;\">&#8211; Trang thi\u1ebft b\u1ecb hi\u1ec7n \u0111\u1ea1i \u0111\u01b0\u1ee3c v\u1eadn h\u00e0nh b\u1edfi nh\u1eefng Gi\u00e1 tr\u1ecb kinh \u0111i\u1ec3n<\/span><\/p>\n<p style=\"text-align: justify;\"><span style=\"font-weight: 400;\">&#8211; Chuy\u00ean m\u00f4n kh\u00f4ng t\u00e1ch r\u1eddi Ho\u1ea1t \u0111\u1ed9ng h\u01b0\u1edbng v\u1ec1 c\u1ed9ng \u0111\u1ed3ng<\/span><\/p>\n<p style=\"text-align: justify;\"><span style=\"font-weight: 400;\">&#8211; Chuy\u00ean nghi\u1ec7p h\u00f3a g\u1eafn li\u1ec1n v\u1edbi nh\u1eefng C\u1ea3i ti\u1ebfn s\u00e1ng t\u1ea1o kh\u00f4ng ng\u1eebng&#8221;<\/span><\/p>\n<h4 style=\"text-align: justify;\">\u00c1nh T\u00fa Clinic k\u00ednh ch\u00e0o \u0111\u00f3n b\u1ea1n<\/h4>\n<h4 style=\"text-align: justify;\">NGU\u1ed2N NH\u00c2N L\u1ef0C L\u00c0 NI\u1ec0M T\u1ef0 H\u00c0O NH\u1ea4T C\u1ee6A \u00c1NH T\u00da CLINIC<\/h4>\n<p style=\"text-align: justify;\"><span style=\"font-weight: 400;\">C\u00f3 th\u1ec3 mang \u0111\u1ebfn nh\u1eefng gi\u1ea3i ph\u00e1p th\u1ea9m m\u1ef9 n\u1ed9i khoa an to\u00e0n, hi\u1ec7u qu\u1ea3 v\u00e0 hi\u1ec7n \u0111\u1ea1i \u0111\u1ed1i v\u1edbi vi\u1ec7c kh\u00e1m &#8211; ch\u1eefa c\u00e1c b\u1ec7nh l\u00fd da &#8211; li\u1ec5u \u2013 phong \u2013 th\u1ea9m m\u1ef9 da, \u0111\u1ed9i ng\u0169 ch\u00fang t\u00f4i g\u1ed3m c\u00e1c B\u00e1c s\u0129 \u0111\u01b0\u1ee3c \u0111\u00e0o t\u1ea1o b\u00e0i b\u1ea3n ch\u00ednh quy: Ph\u00f3 Gi\u00e1o s\u01b0, Ti\u1ebfn s\u0129, B\u00e1c s\u0129 chuy\u00ean khoa c\u1ea5p 2, B\u00e1c s\u0129 N\u1ed9i tr\u00fa, Th\u1ea1c s\u0129, B\u00e1c s\u0129 chuy\u00ean khoa c\u1ea5p 1.\u00a0<\/span><\/p>\n<p style=\"text-align: justify;\"><span style=\"font-weight: 400;\">To\u00e0n b\u1ed9 c\u00e1c B\u00e1c s\u0129 \u0111\u1ec1u t\u1ed1t nghi\u1ec7p B\u00e1c s\u0129 n\u1ed9i tr\u00fa v\u00e0 c\u00e1c b\u1eadc sau \u0111\u1ea1i h\u1ecdc t\u1eeb c\u00e1c \u0110\u1ea1i h\u1ecdc Y danh ti\u1ebfng nh\u01b0 \u0110\u1ea1i h\u1ecdc Y d\u01b0\u1ee3c TPHCM, \u0110\u1ea1i h\u1ecdc Y khoa Ph\u1ea1m Ng\u1ecdc Th\u1ea1ch. Ngo\u00e0i ra, \u0111\u1ed9i ng\u0169 c\u1ee7a ch\u00fang t\u00f4i hi\u1ec7n c\u00f2n l\u00e0 C\u00e1n b\u1ed9 qu\u1ea3n l\u00fd v\u00e0 Gi\u1ea3ng vi\u00ean c\u1ee7a c\u00e1c tr\u01b0\u1eddng k\u1ec3 tr\u00ean.<\/span><\/p>\n<p>KH\u00c1M CH\u1eeeA B\u1ec6NH TO\u00c0N DI\u1ec6N CHUY\u00caN KHOA DA LI\u1ec4U &#8211; TH\u1ea8M M\u1ef8 DA<\/p>\n<p style=\"text-align: justify;\"><span style=\"font-weight: 400;\">B\u00ean c\u1ea1nh th\u1ebf m\u1ea1nh chuy\u00ean khoa Th\u1ea9m m\u1ef9 da, \u00c1nh T\u00fa Clinic \u0111\u00e3 ti\u1ebfp nh\u1eadn v\u00e0 \u0111i\u1ec1u tr\u1ecb c\u00e1c b\u1ec7nh da vi\u00eam, b\u1ec7nh da t\u00e2n sinh, b\u1ec7nh phong, b\u1ec7nh l\u00e2y truy\u1ec1n qua \u0111\u01b0\u1eddng t\u00ecnh d\u1ee5c, &#8230; \u0111\u01b0\u1ee3c kh\u00e1ch h\u00e0ng \u0111\u00e1nh gi\u00e1 r\u1ea5t cao.<\/span><\/p>\n<p style=\"text-align: justify;\"><span style=\"font-weight: 400;\">Ph\u00f2ng kh\u00e1m \u0111\u00e3 \u0111\u01b0\u1ee3c S\u1edf y t\u1ebf TPHCM ph\u00ea duy\u1ec7t h\u1ea7u h\u1ebft c\u00e1c danh m\u1ee5c k\u0129 thu\u1eadt chuy\u00ean ng\u00e0nh da li\u1ec5u t\u1eeb \u0111i\u1ec1u tr\u1ecb c\u00e1c b\u1ec7nh l\u00fd da \u0111\u1ebfn ch\u0103m s\u00f3c da th\u1ea9m m\u1ef9 v\u00e0 x\u1eed l\u00fd lu\u00f4n nh\u1eefng b\u1ec7nh kh\u00f3 n\u00f3i \u1edf c\u1ea3 nam v\u00e0 n\u1eef gi\u1edbi.<\/span><\/p>\n<p style=\"text-align: justify;\"><span style=\"font-weight: 400;\">V\u1edbi ngu\u1ed3n nh\u00e2n l\u1ef1c c\u00f3 th\u1ebf m\u1ea1nh h\u1ed9i nh\u1eadp v\u00e0 ngo\u1ea1i ng\u1eef, \u00c1nh T\u00fa Clinic \u0111\u00e3 v\u00e0 \u0111ang kh\u00e1m, \u0111i\u1ec1u tr\u1ecb cho kh\u00f4ng \u00edt kh\u00e1ch h\u00e0ng ng\u01b0\u1eddi n\u01b0\u1edbc ngo\u00e0i \u0111\u1eb7t ni\u1ec1m tin v\u00e0o ch\u00fang t\u00f4i.<\/span><\/p>\n<h4 style=\"text-align: justify;\">\u0110A D\u1ea0NG V\u1ec0 HO\u1ea0T \u0110\u1ed8NG CHUY\u00caN M\u00d4N<\/h4>\n<p style=\"text-align: justify;\"><span style=\"font-weight: 400;\">V\u1edbi kh\u1ea3 n\u0103ng quan s\u00e1t, \u00f3c s\u00e1ng t\u1ea1o v\u00e0 \u0111\u00f4i tay kh\u00e9o l\u00e9o, ho\u1ea1t \u0111\u1ed9ng c\u1ea3i ti\u1ebfn ch\u1ea5t l\u01b0\u1ee3ng v\u00e0 s\u00e1ng t\u1ea1o c\u00e1c b\u00e1c s\u0129 c\u1ee7a \u00c1nh T\u00fa Clinic lu\u00f4n \u0111\u01b0\u1ee3c khuy\u1ebfn kh\u00edch v\u00e0 \u01b0u ti\u00ean. C\u00e1c ho\u1ea1t \u0111\u1ed9ng n\u00e0y \u0111\u00e3 v\u00e0 \u0111ang kh\u00f4ng ng\u1eebng c\u1ea3i ti\u1ebfn quy tr\u00ecnh k\u1ef9 thu\u1eadt \u0111\u1ec3 n\u00e2ng cao ch\u1ea5t l\u01b0\u1ee3ng d\u1ecbch v\u1ee5 v\u00e0 \u0111em l\u1ea1i s\u1ef1 h\u00e0i l\u00f2ng cho kh\u00e1ch h\u00e0ng<\/span><\/p>\n<p style=\"text-align: justify;\"><span style=\"font-weight: 400;\">Song song v\u1edbi nh\u1eefng ho\u1ea1t \u0111\u1ed9ng kh\u00e1m b\u1ec7nh, ch\u1eefa b\u1ec7nh, \u00c1nh T\u00fa Clinic \u0111\u00e3 duy tr\u00ec \u0111\u1ec1u \u0111\u1eb7n c\u00e1c h\u1ed9i th\u1ea3o khoa h\u1ecdc trong chu\u1ed7i di\u1ec5n \u0111\u00e0n da li\u1ec5u th\u1ea9m m\u1ef9 &#8211; m\u1ed9t ho\u1ea1t \u0111\u1ed9ng khoa h\u1ecdc \u0111\u1ed9c \u0111\u00e1o \u0111\u01b0\u1ee3c c\u00e1c \u0111\u1ed3ng nghi\u1ec7p \u0111\u00e1nh gi\u00e1 r\u1ea5t cao.<\/span><\/p>\n<h4 style=\"text-align: justify;\">LU\u00d4N QUAN T\u00c2M CH\u00da TR\u1eccNG HO\u1ea0T \u0110\u1ed8NG H\u01af\u1edaNG V\u1ec0 C\u1ed8NG \u0110\u1ed2NG<\/h4>\n<p style=\"text-align: justify;\"><span style=\"font-weight: 400;\">D\u00f9 c\u00e1c ho\u1ea1t \u0111\u1ed9ng chuy\u00ean m\u00f4n \u0111\u01b0\u1ee3c \u01b0u ti\u00ean ch\u00fa tr\u1ecdng, c\u00e1c ho\u1ea1t \u0111\u1ed9ng ngo\u00e0i chuy\u00ean m\u00f4n kh\u00e1c l\u1ea1i l\u00e0 nh\u1eefng m\u1ed1i li\u00ean k\u1ebft r\u1ea5t th\u1ef1c ti\u1ec5n gi\u1eefa nh\u00e2n vi\u00ean ph\u00f2ng kh\u00e1m v\u1edbi nhau v\u00e0 v\u1edbi x\u00e3 h\u1ed9i.<\/span><\/p>\n<p style=\"text-align: justify;\"><span style=\"font-weight: 400;\">\u00c1nh T\u00fa Clinic th\u01b0\u1eddng xuy\u00ean c\u00f3 nh\u1eefng chuy\u1ebfn thi\u1ec7n nguy\u1ec7n v\u00e0 nh\u1eefng ho\u1ea1t \u0111\u1ed9ng h\u01b0\u1edbng v\u1ec1 c\u00e1c th\u00e0nh vi\u00ean c\u1ea7n s\u1ef1 quan t\u00e2m \u0111\u1eb7c bi\u1ec7t trong x\u00e3 h\u1ed9i.<\/span><\/p>\n<p style=\"text-align: justify;\"><span style=\"font-weight: 400;\">Vi\u1ec7c h\u01b0\u1edfng \u1ee9ng c\u00e1c l\u1ec5 h\u1ed9i, ng\u00e0y k\u1ef7 ni\u1ec7m v\u00e0 phong tr\u00e0o c\u00f9ng ng\u01b0\u1eddi d\u00e2n v\u00e0 \u0111\u1ea5t n\u01b0\u1edbc c\u0169ng l\u00e0 m\u1ed9t n\u00e9t ri\u00eang bi\u1ec7t khi\u1ebfn cho \u0111\u1ed9i ng\u0169 \u00c1nh T\u00fa Clinic \u0111\u01b0\u1ee3c h\u00f2a m\u00ecnh, tr\u00e2n tr\u1ecdng v\u00e0 tr\u1ea3i nghi\u1ec7m sau gi\u1edd l\u00e0m vi\u1ec7c.<\/span><\/p>\n<p style=\"text-align: justify;\"><span style=\"font-weight: 400;\">\u00c1nh T\u00fa Clinic xin g\u1eedi l\u1eddi tri \u00e2n s\u00e2u s\u1eafc \u0111\u1ebfn qu\u00fd kh\u00e1ch h\u00e0ng, qu\u00fd \u0111\u1ed3ng nghi\u1ec7p g\u1ea7n xa \u0111\u00e3 lu\u00f4n tin t\u01b0\u1edfng v\u00e0 \u0111\u1ed3ng h\u00e0nh trong su\u1ed1t th\u1eddi gian v\u1eeba qua, ti\u1ebfp th\u00eam \u0111\u1ed9ng l\u1ef1c \u0111\u1ec3 ch\u00fang t\u00f4i duy tr\u00ec s\u1ef1 \u1ed5n \u0111\u1ecbnh v\u00e0 ph\u00e1t tri\u1ec3n.<\/span><\/p>\n","protected":false},"excerpt":{"rendered":"<p>&#8221; B\u1ea1n \u0111\u00e3 t\u1eebng t\u00ecm v\u00e0 \u0111\u1ebfn m\u1ed9t n\u01a1i &#8230;\u00a0 &#8211; Khoa h\u1ecdc giao thoa v\u1edbi Ngh\u1ec7 thu\u1eadt &#8211; Kh\u00e1m ch\u1eefa b\u1ec7nh g\u1eafn li\u1ec1n v\u1edbi V\u0103n h\u00f3a ch\u0103m s\u00f3c kh\u00e1ch h\u00e0ng &#8211; Trang thi\u1ebft b\u1ecb hi\u1ec7n \u0111\u1ea1i \u0111\u01b0\u1ee3c v\u1eadn h\u00e0nh b\u1edfi nh\u1eefng Gi\u00e1 tr\u1ecb kinh \u0111i\u1ec3n &#8211; Chuy\u00ean m\u00f4n kh\u00f4ng t\u00e1ch r\u1eddi Ho\u1ea1t \u0111\u1ed9ng h\u01b0\u1edbng&#8230;<\/p>\n","protected":false},"author":1,"featured_media":0,"parent":0,"menu_order":0,"comment_status":"closed","ping_status":"closed","template":"","meta":{"footnotes":""},"_links":{"self":[{"href":"https:\/\/anhtuclinic.vn\/en\/wp-json\/wp\/v2\/pages\/1950"}],"collection":[{"href":"https:\/\/anhtuclinic.vn\/en\/wp-json\/wp\/v2\/pages"}],"about":[{"href":"https:\/\/anhtuclinic.vn\/en\/wp-json\/wp\/v2\/types\/page"}],"author":[{"embeddable":true,"href":"https:\/\/anhtuclinic.vn\/en\/wp-json\/wp\/v2\/users\/1"}],"replies":[{"embeddable":true,"href":"https:\/\/anhtuclinic.vn\/en\/wp-json\/wp\/v2\/comments?post=1950"}],"version-history":[{"count":2,"href":"https:\/\/anhtuclinic.vn\/en\/wp-json\/wp\/v2\/pages\/1950\/revisions"}],"predecessor-version":[{"id":1952,"href":"https:\/\/anhtuclinic.vn\/en\/wp-json\/wp\/v2\/pages\/1950\/revisions\/1952"}],"wp:attachment":[{"href":"https:\/\/anhtuclinic.vn\/en\/wp-json\/wp\/v2\/media?parent=1950"}],"curies":[{"name":"wp","href":"https:\/\/api.w.org\/{rel}","templated":true}]}}